{"id":1316,"date":"2017-10-16T04:10:26","date_gmt":"2017-10-16T04:10:26","guid":{"rendered":"http:\/\/ninzio.com\/fundrize\/?page_id=1316"},"modified":"2020-09-18T20:01:24","modified_gmt":"2020-09-18T20:01:24","slug":"nosotros","status":"publish","type":"page","link":"https:\/\/dimaxys.com\/?page_id=1316","title":{"rendered":"NOSOTROS"},"content":{"rendered":"<p>[vc_row][vc_column]\r\n\t<div class=\"fundrize-spacer clearfix\" data-desktop=\"105\" data-mobi=\"60\" data-smobi=\"60\"><\/div>[vc_custom_heading text=\u00bbNuestros puntos de venta\u00bb font_container=\u00bbtag:h2|text_align:center\u00bb google_fonts=\u00bbfont_family:Montserrat%3Aregular%2C700|font_style:400%20regular%3A400%3Anormal\u00bb][vc_row_inner][vc_column_inner width=\u00bb1\/3&#8243;]<div class=\"fundrize-icon-box clearfix icon-left w85 grey-outline align-left rounded-100 has-width\"><div class=\"icon-wrap\" style=\"line-height:81px;\">\r\n\t\t\t\t<i class=\"vc-oi vc-oi-location\"><\/i>\r\n\t\t\t<\/div> <h3 class=\"heading\" style=\"padding-left:103px;font-size:16px;line-height:26px;margin-top:2px;margin-bottom:12px;\">\r\n\t\t<a target=\"_blank\" href=\"https:\/\/your-link.com\">\r\n\t\t\t<span>MERCADO MAYORISTA<\/span>\r\n\t\t<\/a>\r\n\t<\/h3><p class=\"desc\" style=\"padding-left:103px;margin-bottom:4px;\">\r\n\t\t<span>La Distrbuidora # 23 esta dispuesta a ayudarle todos los dias de la semana (De Domingo a Domingo), aqui puedes encontrar los productos de primera necesidad a precios unicos y convenientes.<\/span>\r\n\t<\/p><div class=\"btn\" style=\"padding-left:103px;\">\r\n\t\t\t<span style=\"\"><a target=\"_blank\" class=\" simple-link font-heading\" href=\"https:\/\/your-link.com\" style=\"\">CONTACTOS<\/a><\/span>\r\n\t\t<\/div><\/div>\r\n\t<div class=\"fundrize-spacer clearfix\" data-desktop=\"0\" data-mobi=\"30\" data-smobi=\"30\"><\/div>[\/vc_column_inner][vc_column_inner width=\u00bb1\/3&#8243;]<div class=\"fundrize-icon-box clearfix icon-left w85 grey-outline align-left rounded-100 has-width\"><div class=\"icon-wrap\" style=\"line-height:81px;\">\r\n\t\t\t\t<i class=\"vc-oi vc-oi-location\"><\/i>\r\n\t\t\t<\/div> <h3 class=\"heading\" style=\"padding-left:103px;font-size:16px;line-height:26px;margin-top:2px;margin-bottom:12px;\">\r\n\t\t<a target=\"_blank\" href=\"https:\/\/your-link.com\">\r\n\t\t\t<span>CHILLOGALLO<\/span>\r\n\t\t<\/a>\r\n\t<\/h3><p class=\"desc\" style=\"padding-left:103px;margin-bottom:4px;\">\r\n\t\t<span>La Distribuidora de Chillogallo te abre las puertas fuera del Mercado Mayorista de Quito, no se preocupe del pico y placa.<\/span>\r\n\t<\/p><div class=\"btn\" style=\"padding-left:103px;\">\r\n\t\t\t<span style=\"\"><a target=\"_blank\" class=\" simple-link font-heading\" href=\"https:\/\/your-link.com\" style=\"\">READ MORE<\/a><\/span>\r\n\t\t<\/div><\/div>\r\n\t<div class=\"fundrize-spacer clearfix\" data-desktop=\"0\" data-mobi=\"30\" data-smobi=\"30\"><\/div>[\/vc_column_inner][vc_column_inner width=\u00bb1\/3&#8243;]<div class=\"fundrize-icon-box clearfix icon-left w85 grey-outline align-left rounded-100 has-width\"><div class=\"icon-wrap\" style=\"line-height:81px;\">\r\n\t\t\t\t<i class=\"vc-oi vc-oi-location\"><\/i>\r\n\t\t\t<\/div> <h3 class=\"heading\" style=\"padding-left:103px;font-size:16px;line-height:26px;margin-top:2px;margin-bottom:12px;\">\r\n\t\t<a target=\"_blank\" href=\"https:\/\/your-link.com\">\r\n\t\t\t<span>TUMBACO<\/span>\r\n\t\t<\/a>\r\n\t<\/h3><p class=\"desc\" style=\"padding-left:103px;margin-bottom:4px;\">\r\n\t\t<span>Tambi\u00e9n conocido como distribuidora # 1 esta dispuesto a ayudarle en todo lo que necesite para su bodega, tienda o supermercado. Un punto de venta estrat\u00e9gico que ayuda a los madrugadores.<\/span>\r\n\t<\/p><div class=\"btn\" style=\"padding-left:103px;\">\r\n\t\t\t<span style=\"\"><a target=\"_blank\" class=\" simple-link font-heading\" href=\"https:\/\/your-link.com\" style=\"\">CONTACTOS<\/a><\/span>\r\n\t\t<\/div><\/div>\r\n\t<div class=\"fundrize-spacer clearfix\" data-desktop=\"0\" data-mobi=\"30\" data-smobi=\"30\"><\/div>[\/vc_column_inner][\/vc_row_inner]\r\n\t<div class=\"fundrize-spacer clearfix\" data-desktop=\"100\" data-mobi=\"60\" data-smobi=\"60\"><\/div>[\/vc_column][\/vc_row][vc_row full_width=\u00bbstretch_row_content_no_spaces\u00bb css=\u00bb.vc_custom_1508074153215{background-color: #f5f5f5 !important;}\u00bb][vc_column width=\u00bb1\/2&#8243; css=\u00bb.vc_custom_1600457803426{background-image: url(https:\/\/dimaxys.com\/wp-content\/uploads\/2020\/09\/BH1.jpg?id=2529) !important;background-position: center !important;background-repeat: no-repeat !important;background-size: cover !important;}\u00bb]\r\n\t<div class=\"fundrize-spacer clearfix\" data-desktop=\"530\" data-mobi=\"300\" data-smobi=\"300\"><\/div>[\/vc_column][vc_column width=\u00bb1\/2&#8243;]<div class=\"fundrize-content-box clearfix \" data-margin=\"12% 13% 12% 13%\" data-mobimargin=\"7% 7% 7% 7%\">\r\n\t\t<div class=\"inner\" style=\"\">\r\n\t\t\t<div class=\"fundrize-headings clearfix \"  style=\"\"><h2 class=\"heading clearfix\" style=\"margin-bottom:7px;\">\r\n\t\tNOSOTROS\r\n\t<\/h2><p class=\"sub-heading clearfix\" style=\"font-style:normal;font-size:16px;line-height:32px;margin-bottom:23px;\">\r\n\t\tGrupo Dimaxy\u2019s es una empresa l\u00edder en venta y distribuci\u00f3n de productos de primera necesidad en la ciudad de Quito.<br \/>\nTenemos mas de 30 a\u00f1os siendo proveedores de todo tipo de producto para consumo masivo y somos distribuidores directos de las mejores marcas de alimentos en el mercado, gracias a las alianzas estrat\u00e9gicas que hemos establecido con el fin de tener un flujo de mercanc\u00edas con los fabricantes directos de los productos l\u00edderes en el mercado y brindarle a nuestros clientes precios preferenciales.\r\n\t<\/p><\/div><div class=\"button-wrap icon-left separate has-icon\" style=\"\"><a href=\"\" target=\"_blank\" class=\"fundrize-button  solid accent\" style=\"\">\r\n\t\t<span style=\"\">CONT\u00c1CTANOS <span class=\"icon\" style=\"font-size:18px;\"><i class=\"fa fa-rocket\"><\/i><\/span><\/span>\r\n\t<\/a><\/div>\n\r\n\t\t<\/div>\r\n\t<\/div>[\/vc_column][\/vc_row][vc_row full_width=\u00bbstretch_row\u00bb css=\u00bb.vc_custom_1600458209947{background-image: url(https:\/\/dimaxys.com\/wp-content\/uploads\/2020\/09\/banner_dimaxy2.jpg?id=2557) !important;background-position: center !important;background-repeat: no-repeat !important;background-size: cover !important;}\u00bb][vc_column]\r\n\t<div class=\"fundrize-spacer clearfix\" data-desktop=\"100\" data-mobi=\"60\" data-smobi=\"60\"><\/div>[vc_row_inner][vc_column_inner width=\u00bb1\/4&#8243;]<div class=\"fundrize-counter clearfix icon-top text-center\"><div class=\"inner\"><div class=\"icon-wrap\"><\/div><div class=\"text-wrap\"><div class=\"number-wrap font-heading\" style=\"color:#ffffff;font-weight:700;font-size:56px;line-height:68px;margin-top:2px;\"><span class=\"prefix \" style=\"\"><\/span><span class=\"number \" data-speed=\"2000\" data-to=\"5240\" data-inviewport=\"yes\"> 5240<\/span><span class=\"suffix \" style=\"\"><\/span><\/div><div class=\"sep \" style=\"width:52px;height:3px;\"><\/div><h3 class=\"heading\" style=\"color:#ffffff;font-size:14px;margin-top:10px;\">\r\n\t\tPRODUCTOS INVENTARIADOS\r\n\t<\/h3><\/div><\/div><\/div>\r\n\t<div class=\"fundrize-spacer clearfix\" data-desktop=\"0\" data-mobi=\"35\" data-smobi=\"35\"><\/div>[\/vc_column_inner][vc_column_inner width=\u00bb1\/4&#8243;]<div class=\"fundrize-counter clearfix icon-top text-center\"><div class=\"inner\"><div class=\"icon-wrap\"><\/div><div class=\"text-wrap\"><div class=\"number-wrap font-heading\" style=\"color:#ffffff;font-weight:700;font-size:56px;line-height:68px;margin-top:2px;\"><span class=\"prefix \" style=\"\"><\/span><span class=\"number \" data-speed=\"2000\" data-to=\"2490\" data-inviewport=\"yes\"> 2490<\/span><span class=\"suffix \" style=\"\"><\/span><\/div><div class=\"sep \" style=\"width:52px;height:3px;\"><\/div><h3 class=\"heading\" style=\"color:#ffffff;font-size:14px;margin-top:10px;\">\r\n\t\tALIANZAS ESTRAT\u00c9GICAS\r\n\t<\/h3><\/div><\/div><\/div>\r\n\t<div class=\"fundrize-spacer clearfix\" data-desktop=\"0\" data-mobi=\"35\" data-smobi=\"35\"><\/div>[\/vc_column_inner][vc_column_inner width=\u00bb1\/4&#8243;]<div class=\"fundrize-counter clearfix icon-top text-center\"><div class=\"inner\"><div class=\"icon-wrap\"><\/div><div class=\"text-wrap\"><div class=\"number-wrap font-heading\" style=\"color:#ffffff;font-weight:700;font-size:56px;line-height:68px;margin-top:2px;\"><span class=\"prefix \" style=\"\"><\/span><span class=\"number \" data-speed=\"2000\" data-to=\"250\" data-inviewport=\"yes\"> 250<\/span><span class=\"suffix \" style=\"\"><\/span><\/div><div class=\"sep \" style=\"width:52px;height:3px;\"><\/div><h3 class=\"heading\" style=\"color:#ffffff;font-size:14px;margin-top:10px;\">\r\n\t\tCLIENTES DIARIOS\r\n\t<\/h3><\/div><\/div><\/div>\r\n\t<div class=\"fundrize-spacer clearfix\" data-desktop=\"0\" data-mobi=\"35\" data-smobi=\"35\"><\/div>[\/vc_column_inner][vc_column_inner width=\u00bb1\/4&#8243;]<div class=\"fundrize-counter clearfix icon-top text-center\"><div class=\"inner\"><div class=\"icon-wrap\"><\/div><div class=\"text-wrap\"><div class=\"number-wrap font-heading\" style=\"color:#ffffff;font-weight:700;font-size:56px;line-height:68px;margin-top:2px;\"><span class=\"prefix \" style=\"\"><\/span><span class=\"number \" data-speed=\"2000\" data-to=\"7410\" data-inviewport=\"yes\"> 7410<\/span><span class=\"suffix \" style=\"\"><\/span><\/div><div class=\"sep \" style=\"width:52px;height:3px;\"><\/div><h3 class=\"heading\" style=\"color:#ffffff;font-size:14px;margin-top:10px;\">\r\n\t\tPEDIDOS SEMANALES\r\n\t<\/h3><\/div><\/div><\/div>[\/vc_column_inner][\/vc_row_inner]\r\n\t<div class=\"fundrize-spacer clearfix\" data-desktop=\"110\" data-mobi=\"60\" data-smobi=\"60\"><\/div>[\/vc_column][\/vc_row][vc_row][vc_column]\r\n\t<div class=\"fundrize-spacer clearfix\" data-desktop=\"105\" data-mobi=\"60\" data-smobi=\"60\"><\/div><div class=\"fundrize-headings clearfix text-center\"  style=\"\"><h2 class=\"heading clearfix\" style=\"margin-bottom:7px;\">\r\n\t\tPRODUCTOS L\u00cdDERES\r\n\t<\/h2><p class=\"sub-heading clearfix\" style=\"font-style:normal;font-size:16px;line-height:32px;max-width:600px; margin-left: auto; margin-right: auto;\">\r\n\t\tCalidad y precio\r\n\t<\/p><\/div>\r\n\t<div class=\"fundrize-spacer clearfix\" data-desktop=\"50\" data-mobi=\"40\" data-smobi=\"40\"><\/div>\r\n<div class=\"fundrize-partner arrow-center bullet-circle offset35 offset-v-60 has-bullets has-arrows has-shadow bullet40\" data-auto=\"false\" data-loop=\"false\" data-column=\"4\" data-column2=\"3\" data-column3=\"2\" data-gap=\"18\">\r\n\t\r\n\t<div class=\"owl-carousel owl-theme\">\r\n\t            \t<div class=\"partner-item clearfix\">\r\n        \t\t<div class=\"inner\">\r\n\t\t            \t\t            \t<a target=\"_blank\" href=\"http:\/\/dimaxyinc.com\">\r\n\t    \t\t\t\t<div class=\"thumb\">\r\n\t\t    \t\t\t\t<img width=\"279\" height=\"190\" src=\"https:\/\/dimaxys.com\/wp-content\/uploads\/2017\/09\/pepa1.jpg\" class=\"attachment-full size-full wp-post-image\" alt=\"\" loading=\"lazy\" \/>\t    \t\t\t\t<\/div>\r\n\t    \t\t\t\t<\/a>\r\n\t         \t\t        \t\t<\/div>\r\n            <\/div>\r\n\t\t        \t<div class=\"partner-item clearfix\">\r\n        \t\t<div class=\"inner\">\r\n\t\t            \t\t            \t<a target=\"_blank\" href=\"http:\/\/dimaxyinc.com\">\r\n\t    \t\t\t\t<div class=\"thumb\">\r\n\t\t    \t\t\t\t<img width=\"279\" height=\"190\" src=\"https:\/\/dimaxys.com\/wp-content\/uploads\/2017\/09\/pepa2.jpg\" class=\"attachment-full size-full wp-post-image\" alt=\"\" loading=\"lazy\" \/>\t    \t\t\t\t<\/div>\r\n\t    \t\t\t\t<\/a>\r\n\t         \t\t        \t\t<\/div>\r\n            <\/div>\r\n\t\t        \t<div class=\"partner-item clearfix\">\r\n        \t\t<div class=\"inner\">\r\n\t\t            \t\t            \t<a target=\"_blank\" href=\"http:\/\/dimaxyinc.com\">\r\n\t    \t\t\t\t<div class=\"thumb\">\r\n\t\t    \t\t\t\t<img width=\"279\" height=\"190\" src=\"https:\/\/dimaxys.com\/wp-content\/uploads\/2017\/09\/pepa3.jpg\" class=\"attachment-full size-full wp-post-image\" alt=\"\" loading=\"lazy\" \/>\t    \t\t\t\t<\/div>\r\n\t    \t\t\t\t<\/a>\r\n\t         \t\t        \t\t<\/div>\r\n            <\/div>\r\n\t\t        \t<div class=\"partner-item clearfix\">\r\n        \t\t<div class=\"inner\">\r\n\t\t            \t\t            \t<a target=\"_blank\" href=\"http:\/\/dimaxyinc.com\">\r\n\t    \t\t\t\t<div class=\"thumb\">\r\n\t\t    \t\t\t\t<img width=\"279\" height=\"190\" src=\"https:\/\/dimaxys.com\/wp-content\/uploads\/2017\/09\/pepa4.jpg\" class=\"attachment-full size-full wp-post-image\" alt=\"\" loading=\"lazy\" \/>\t    \t\t\t\t<\/div>\r\n\t    \t\t\t\t<\/a>\r\n\t         \t\t        \t\t<\/div>\r\n            <\/div>\r\n\t\t\t<\/div><!-- \/.owl-carousel -->\r\n\r\n<\/div><!-- \/.fundrize-partner -->\r\n\r\n\r\n\t<div class=\"fundrize-spacer clearfix\" data-desktop=\"95\" data-mobi=\"60\" data-smobi=\"60\"><\/div>[\/vc_column][\/vc_row]<\/p>\n","protected":false},"excerpt":{"rendered":"<p>[vc_row][vc_column][vc_custom_heading text=\u00bbNuestros puntos de venta\u00bb font_container=\u00bbtag:h2|text_align:center\u00bb google_fonts=\u00bbfont_family:Montserrat%3Aregular%2C700|font_style:400%20regular%3A400%3Anormal\u00bb][vc_row_inner][vc_column_inner width=\u00bb1\/3&#8243;][\/vc_column_inner][vc_column_inner width=\u00bb1\/3&#8243;][\/vc_column_inner][vc_column_inner width=\u00bb1\/3&#8243;][\/vc_column_inner][\/vc_row_inner][\/vc_column][\/vc_row][vc_row full_width=\u00bbstretch_row_content_no_spaces\u00bb css=\u00bb.vc_custom_1508074153215{background-color: #f5f5f5 !important;}\u00bb][vc_column width=\u00bb1\/2&#8243; css=\u00bb.vc_custom_1600457803426{background-image: url(https:\/\/dimaxys.com\/wp-content\/uploads\/2020\/09\/BH1.jpg?id=2529) !important;background-position: center !important;background-repeat: no-repeat !important;background-size: cover !important;}\u00bb][\/vc_column][vc_column width=\u00bb1\/2&#8243;][\/vc_column][\/vc_row][vc_row full_width=\u00bbstretch_row\u00bb css=\u00bb.vc_custom_1600458209947{background-image: url(https:\/\/dimaxys.com\/wp-content\/uploads\/2020\/09\/banner_dimaxy2.jpg?id=2557) !important;background-position: center !important;background-repeat: no-repeat !important;background-size: cover !important;}\u00bb][vc_column][vc_row_inner][vc_column_inner width=\u00bb1\/4&#8243;][\/vc_column_inner][vc_column_inner width=\u00bb1\/4&#8243;][\/vc_column_inner][vc_column_inner width=\u00bb1\/4&#8243;][\/vc_column_inner][vc_column_inner width=\u00bb1\/4&#8243;][\/vc_column_inner][\/vc_row_inner][\/vc_column][\/vc_row][vc_row][vc_column][\/vc_column][\/vc_row]<\/p>\n","protected":false},"author":1,"featured_media":0,"parent":0,"menu_order":0,"comment_status":"closed","ping_status":"closed","template":"","meta":[],"_links":{"self":[{"href":"https:\/\/dimaxys.com\/index.php?rest_route=\/wp\/v2\/pages\/1316"}],"collection":[{"href":"https:\/\/dimaxys.com\/index.php?rest_route=\/wp\/v2\/pages"}],"about":[{"href":"https:\/\/dimaxys.com\/index.php?rest_route=\/wp\/v2\/types\/page"}],"author":[{"embeddable":true,"href":"https:\/\/dimaxys.com\/index.php?rest_route=\/wp\/v2\/users\/1"}],"replies":[{"embeddable":true,"href":"https:\/\/dimaxys.com\/index.php?rest_route=%2Fwp%2Fv2%2Fcomments&post=1316"}],"version-history":[{"count":15,"href":"https:\/\/dimaxys.com\/index.php?rest_route=\/wp\/v2\/pages\/1316\/revisions"}],"predecessor-version":[{"id":2564,"href":"https:\/\/dimaxys.com\/index.php?rest_route=\/wp\/v2\/pages\/1316\/revisions\/2564"}],"wp:attachment":[{"href":"https:\/\/dimaxys.com\/index.php?rest_route=%2Fwp%2Fv2%2Fmedia&parent=1316"}],"curies":[{"name":"wp","href":"https:\/\/api.w.org\/{rel}","templated":true}]}}